{"id":59,"date":"2014-11-10T15:14:40","date_gmt":"2014-11-10T14:14:40","guid":{"rendered":"http:\/\/hr-solutions.se\/?page_id=59"},"modified":"2015-09-10T15:23:30","modified_gmt":"2015-09-10T13:23:30","slug":"test","status":"publish","type":"page","link":"https:\/\/hr-solutions.se\/?page_id=59","title":{"rendered":"Branscher"},"content":{"rendered":"<p><strong>Ingenj\u00f6rer och teknisk kompetens<\/strong>\u00a0 \u00a0&#8211; h\u00e4r \u00e4r efterfr\u00e5gan stor. \u00a0Hanna har under \u00e5rens lopp genomf\u00f6rt ett flertal rekryteringar inom &#8221;Samh\u00e4llsbyggnad&#8221; vilket bland annat har innefattat chefer samt specialister inom Anl\u00e4ggning, Bygg, VA och Exploatering. Annonserade uppdrag har kompletterats med gedigna searchprocesser f\u00f6r att finna r\u00e4tt kompetens.<\/p>\n<p>Inom\u00a0<strong>Fastighetsbranschen<\/strong>\u00a0har Hanna genomf\u00f6rt ett flertal rekryteringar och personbed\u00f6mningar och har h\u00e4r en god inblick i branschen samt ett gediget n\u00e4tverk.<\/p>\n<p>Hannas profil och inriktning \u00e4r dock bred vilket \u00e5terspeglas i de senaste rekryteringarna inom <strong>\u00a0F\u00f6rsvarskommunikation, IT sektorn, \u00a0Svenska Kyrkan \u2013Stockholms Stift <\/strong>\u00a0f\u00f6r att n\u00e4mna n\u00e5gra omr\u00e5den<strong>.\u00a0<\/strong>Rekryternas profiler som Hanna hj\u00e4lper till att rekrytera \u00e4r av varierande slag och \u00e5terfinns inom marknad, f\u00f6rs\u00e4ljning, HR, teknik, strategi, ekonomi och \u00e4r b\u00e5de chefer samt specialister.<\/p>\n<p>Vidare klappar Hannas hj\u00e4rta lite extra f\u00f6r <strong>Icke-vinstdrivande Organisationer\/Hj\u00e4lporganisationer <\/strong>samt <strong>O<\/strong><strong>ffentlig sektor <\/strong>d\u00e4r Hanna har l\u00e5ng och gedigen erfarenhet fr\u00e5n ett flertal kommuner och statliga verk som hon har genomf\u00f6rt\u00a0 ett 60 tal Searchprocesser samt Second Opinions.<\/p>\n<p><strong>\u00a0<\/strong><strong>Be om referenser!<\/strong><\/p>\n<p>Hanna har goda referenser fr\u00e5n uppdragsgivare inom olika sektorer som hon g\u00e4rna delger vid f\u00f6rfr\u00e5gan.<\/p>\n<p><strong>\u00a0<\/strong><\/p>\n","protected":false},"excerpt":{"rendered":"<p>Ingenj\u00f6rer och teknisk kompetens\u00a0 \u00a0&#8211; h\u00e4r \u00e4r efterfr\u00e5gan stor. \u00a0Hanna har under \u00e5rens lopp genomf\u00f6rt ett flertal rekryteringar inom &#8221;Samh\u00e4llsbyggnad&#8221; vilket bland annat har innefattat chefer samt specialister inom Anl\u00e4ggning, Bygg, VA och Exploatering. Annonserade uppdrag har kompletterats med gedigna searchprocesser f\u00f6r att finna r\u00e4tt kompetens. Inom\u00a0Fastighetsbranschen\u00a0har Hanna genomf\u00f6rt ett flertal rekryteringar och personbed\u00f6mningar och har h\u00e4r en god inblick i branschen samt ett gediget n\u00e4tverk. Hannas profil och inriktning \u00e4r dock bred vilket \u00e5terspeglas i de senaste rekryteringarna inom \u00a0F\u00f6rsvarskommunikation, IT sektorn, \u00a0Svenska Kyrkan \u2013Stockholms Stift \u00a0f\u00f6r att n\u00e4mna n\u00e5gra omr\u00e5den.\u00a0Rekryternas profiler som Hanna hj\u00e4lper till att rekrytera \u00e4r av varierande slag och \u00e5terfinns inom marknad, f\u00f6rs\u00e4ljning, HR, teknik, strategi, ekonomi och \u00e4r b\u00e5de chefer samt specialister. Vidare klappar Hannas hj\u00e4rta lite extra f\u00f6r Icke-vinstdrivande Organisationer\/Hj\u00e4lporganisationer samt Offentlig sektor d\u00e4r Hanna har l\u00e5ng och gedigen erfarenhet fr\u00e5n ett flertal kommuner och statliga verk som hon har genomf\u00f6rt\u00a0 ett 60&hellip;<\/p>\n<p> <a class=\"more-link\" href=\"https:\/\/hr-solutions.se\/?page_id=59\">L\u00e4s mer<\/a><\/p>\n","protected":false},"author":1,"featured_media":0,"parent":0,"menu_order":0,"comment_status":"closed","ping_status":"closed","template":"page-templates\/front-page.php","meta":{"footnotes":""},"_links":{"self":[{"href":"https:\/\/hr-solutions.se\/index.php?rest_route=\/wp\/v2\/pages\/59"}],"collection":[{"href":"https:\/\/hr-solutions.se\/index.php?rest_route=\/wp\/v2\/pages"}],"about":[{"href":"https:\/\/hr-solutions.se\/index.php?rest_route=\/wp\/v2\/types\/page"}],"author":[{"embeddable":true,"href":"https:\/\/hr-solutions.se\/index.php?rest_route=\/wp\/v2\/users\/1"}],"replies":[{"embeddable":true,"href":"https:\/\/hr-solutions.se\/index.php?rest_route=%2Fwp%2Fv2%2Fcomments&post=59"}],"version-history":[{"count":11,"href":"https:\/\/hr-solutions.se\/index.php?rest_route=\/wp\/v2\/pages\/59\/revisions"}],"predecessor-version":[{"id":142,"href":"https:\/\/hr-solutions.se\/index.php?rest_route=\/wp\/v2\/pages\/59\/revisions\/142"}],"wp:attachment":[{"href":"https:\/\/hr-solutions.se\/index.php?rest_route=%2Fwp%2Fv2%2Fmedia&parent=59"}],"curies":[{"name":"wp","href":"https:\/\/api.w.org\/{rel}","templated":true}]}}